{"id":713,"date":"2018-08-10T16:39:24","date_gmt":"2018-08-10T14:39:24","guid":{"rendered":"https:\/\/swissmedoffice.com\/home\/"},"modified":"2023-04-18T08:57:42","modified_gmt":"2023-04-18T06:57:42","slug":"home","status":"publish","type":"page","link":"https:\/\/swissmedoffice.com\/en\/","title":{"rendered":"Home"},"content":{"rendered":"<section class=\"wpb-content-wrapper\">[vc_row thb_full_width=&#8221;true&#8221; thb_row_padding=&#8221;true&#8221; thb_column_padding=&#8221;true&#8221; thb_scroll_bottom=&#8221;true&#8221; thb_scroll_bottom_style=&#8221;style4&#8243; thb_scroll_bottom_color=&#8221;light&#8221; css=&#8221;.vc_custom_1673860761009{padding-top: 22vh !important;padding-bottom: 20vh !important;background-image: url(https:\/\/swissmedoffice.com\/wp-content\/uploads\/2023\/01\/smo-header-1.jpg?id=367) !important;}&#8221;][vc_column][vc_row_inner el_class=&#8221;align-center&#8221;][vc_column_inner thb_color=&#8221;thb-light-column&#8221; el_class=&#8221;text-center&#8221; offset=&#8221;vc_col-lg-8 vc_col-md-10&#8243;]\t<div id=\"thb-image-69e1f1cc6a3cc\" class=\"caption-style1  aligncenter   thb_image_link wp-caption \">\n\t\t\t<div class=\"thb-image-inner size_100\">\n\t\t\t<img loading=\"lazy\" decoding=\"async\" width=\"226\" height=\"226\" src=\"https:\/\/swissmedoffice.com\/wp-content\/uploads\/2022\/12\/swissmedoffice-logo.png\" class=\"thb_image retina_size   attachment-full\" alt=\"\" title=\"swissmedoffice-logo\" srcset=\"https:\/\/swissmedoffice.com\/wp-content\/uploads\/2022\/12\/swissmedoffice-logo.png 226w, https:\/\/swissmedoffice.com\/wp-content\/uploads\/2022\/12\/swissmedoffice-logo-150x150.png 150w, https:\/\/swissmedoffice.com\/wp-content\/uploads\/2022\/12\/swissmedoffice-logo-200x200.png 200w, https:\/\/swissmedoffice.com\/wp-content\/uploads\/2022\/12\/swissmedoffice-logo-100x100.png 100w, https:\/\/swissmedoffice.com\/wp-content\/uploads\/2022\/12\/swissmedoffice-logo-20x20.png 20w, https:\/\/swissmedoffice.com\/wp-content\/uploads\/2022\/12\/swissmedoffice-logo-190x190.png 190w\" sizes=\"auto, (max-width: 226px) 100vw, 226px\" \/>\t\t\t\t\t<\/div>\n\t\t\t\t\t<\/div>\n\t[vc_empty_space height=&#8221;20px&#8221;]\t<div id=\"thb-slidetype-69e1f1cc6bb5a\" class=\"thb-slidetype slide-text\" data-style=\"style1\">\n\t\t\n<h2><strong><span class=\"thb-slidetype-entry\"><span class=\"lines\">Giving power to the patient.<br \/>\n<em>Quality. Neutrality. Zero commission.<\/em><br \/><\/span><\/span><\/strong><\/h2>\n\t\t\t<\/div>\n\n\t[vc_empty_space height=&#8221;30px&#8221;]\t<a id=\"thb-button-69e1f1cc6bc42\" class=\"btn style1 small  accent no-radius animation bottom-to-top-3d  thb_shadow \" href=\"https:\/\/swissmedoffice.com\/en\/about-us\/\" target=\"_self\" role=\"button\">\n\t\t<span>MORE ABOUT US<\/span>\n\t\t\t<\/a>\n\t\t[\/vc_column_inner][\/vc_row_inner][\/vc_column][\/vc_row][vc_row thb_row_padding=&#8221;true&#8221; thb_column_padding=&#8221;true&#8221; el_class=&#8221;align-center&#8221; css=&#8221;.vc_custom_1534086259544{padding-top: 120px !important;padding-bottom: 90px !important;}&#8221;][vc_column offset=&#8221;vc_col-lg-6 vc_col-md-8&#8243;][vc_row_inner][vc_column_inner el_class=&#8221;text-center&#8221;][vc_column_text animation=&#8221;animation bottom-to-top-3d&#8221;]\n<h6><span style=\"color: #ccbd9b; font-size: 13px; font-weight: bold;\">SWISS MED OFFICE<\/span><\/h6>\n[\/vc_column_text][vc_column_text animation=&#8221;animation bottom-to-top-3d&#8221;]\n<h2>Swiss Med Office at a glance<\/h2>\n[\/vc_column_text][\/vc_column_inner][\/vc_row_inner][vc_row_inner][vc_column_inner width=&#8221;1\/3&#8243;]\t<div class=\"thb-counter counter-style4 thb-side left\" id=\"thb-counter-69e1f1cc6bcf5\" data-separator=\"\" data-format=\"(,ddd).dd\">\n\t\t\t\t\t<div class=\"counter-container\">\n\t\t\t\t\t\t\t\t<div class=\"counter\" data-count=\"16\" data-speed=\"2000\">0<\/div>\n\t\t\t\t\t\t\t<\/div>\n\t\t\t<p class=\"thb-title\">YEARS OF EXPERIENCE<\/p>\n\t\t\t\t\t\t\t\t\t\t<style>\n\t\t\t#thb-counter-69e1f1cc6bcf5 .odometer.odometer-auto-theme.odometer-animating-up .odometer-ribbon-inner,\n\t\t\t#thb-counter-69e1f1cc6bcf5 .odometer.odometer-theme-minimal.odometer-animating-up .odometer-ribbon-inner {\n\t\t\t\ttransition: transform 2s;\n\t\t\t}\n\t\t\t\t\t\t\t#thb-counter-69e1f1cc6bcf5.thb-counter .h1,\n\t\t\t\t#thb-counter-69e1f1cc6bcf5.thb-counter .counter {\n\t\t\t\t\tcolor: #656565;\n\t\t\t\t}\n\t\t\t\t\t\t\t\t\t\t#thb-counter-69e1f1cc6bcf5.thb-counter h6,\n\t\t\t\t#thb-counter-69e1f1cc6bcf5.thb-counter .thb-title {\n\t\t\t\t\tcolor: #ccbd9b;\n\t\t\t\t}\n\t\t\t\t\t\t\t\t\t\t\t<\/style>\n\t<\/div>\n\t[\/vc_column_inner][vc_column_inner width=&#8221;1\/3&#8243;]\t<div class=\"thb-counter counter-style4 thb-side left\" id=\"thb-counter-69e1f1cc6bd91\" data-separator=\"\" data-format=\"(,ddd).dd\">\n\t\t\t\t\t<div class=\"counter-container\">\n\t\t\t\t\t\t\t\t<div class=\"counter\" data-count=\"4000\" data-speed=\"2000\">0<\/div>\n\t\t\t\t\t\t\t<\/div>\n\t\t\t<p class=\"thb-title\">Network of specialists and healthcare establishments<\/p>\n\t\t\t\t\t\t\t\t\t\t<style>\n\t\t\t#thb-counter-69e1f1cc6bd91 .odometer.odometer-auto-theme.odometer-animating-up .odometer-ribbon-inner,\n\t\t\t#thb-counter-69e1f1cc6bd91 .odometer.odometer-theme-minimal.odometer-animating-up .odometer-ribbon-inner {\n\t\t\t\ttransition: transform 2s;\n\t\t\t}\n\t\t\t\t\t\t\t#thb-counter-69e1f1cc6bd91.thb-counter .h1,\n\t\t\t\t#thb-counter-69e1f1cc6bd91.thb-counter .counter {\n\t\t\t\t\tcolor: #656565;\n\t\t\t\t}\n\t\t\t\t\t\t\t\t\t\t#thb-counter-69e1f1cc6bd91.thb-counter h6,\n\t\t\t\t#thb-counter-69e1f1cc6bd91.thb-counter .thb-title {\n\t\t\t\t\tcolor: #ccbd9b;\n\t\t\t\t}\n\t\t\t\t\t\t\t\t\t\t\t<\/style>\n\t<\/div>\n\t[\/vc_column_inner][vc_column_inner width=&#8221;1\/3&#8243;]\t<div class=\"thb-counter counter-style4 thb-side left\" id=\"thb-counter-69e1f1cc6be0e\" data-separator=\"\" data-format=\"(,ddd).dd\">\n\t\t\t\t\t<div class=\"counter-container\">\n\t\t\t\t\t\t\t\t<div class=\"counter\" data-count=\"44\" data-speed=\"2000\">0<\/div>\n\t\t\t\t\t\t\t<\/div>\n\t\t\t<p class=\"thb-title\">Customers who trust us<\/p>\n\t\t\t\t\t\t\t\t\t\t<style>\n\t\t\t#thb-counter-69e1f1cc6be0e .odometer.odometer-auto-theme.odometer-animating-up .odometer-ribbon-inner,\n\t\t\t#thb-counter-69e1f1cc6be0e .odometer.odometer-theme-minimal.odometer-animating-up .odometer-ribbon-inner {\n\t\t\t\ttransition: transform 2s;\n\t\t\t}\n\t\t\t\t\t\t\t#thb-counter-69e1f1cc6be0e.thb-counter .h1,\n\t\t\t\t#thb-counter-69e1f1cc6be0e.thb-counter .counter {\n\t\t\t\t\tcolor: #656565;\n\t\t\t\t}\n\t\t\t\t\t\t\t\t\t\t#thb-counter-69e1f1cc6be0e.thb-counter h6,\n\t\t\t\t#thb-counter-69e1f1cc6be0e.thb-counter .thb-title {\n\t\t\t\t\tcolor: #ccbd9b;\n\t\t\t\t}\n\t\t\t\t\t\t\t\t\t\t\t<\/style>\n\t<\/div>\n\t[\/vc_column_inner][\/vc_row_inner][\/vc_column][\/vc_row][vc_row thb_full_width=&#8221;true&#8221; thb_row_padding=&#8221;true&#8221; thb_column_padding=&#8221;true&#8221; css=&#8221;.vc_custom_1534086346791{padding-top: 90px !important;background-color: #f2f3f4 !important;}&#8221;][vc_column][vc_row_inner][vc_column_inner el_class=&#8221;text-center&#8221;][vc_column_text animation=&#8221;animation bottom-to-top-3d&#8221;]\n<h3>Let us guide you through your choice of healthcare providers<br \/>\nSpecialist Physician Surgeon Clinic<\/h3>\n[\/vc_column_text][\/vc_column_inner][\/vc_row_inner][vc_empty_space height=&#8221;10px&#8221;][\/vc_column][\/vc_row][vc_row thb_full_width=&#8221;true&#8221; thb_row_padding=&#8221;true&#8221; thb_column_padding=&#8221;true&#8221; css=&#8221;.vc_custom_1534006977362{background: #f5f4f2 url(https:\/\/swissmedoffice.com\/wp-content\/uploads\/2018\/08\/row_bg.png?id=146) !important;background-position: 0 0 !important;background-repeat: repeat !important;}&#8221;][vc_column][vc_row_inner content_placement=&#8221;bottom&#8221;][vc_column_inner width=&#8221;1\/2&#8243; css=&#8221;.vc_custom_1534084946772{padding-top: 10vh !important;padding-bottom: 10vh !important;}&#8221;][vc_column_text]\n<h5><strong>Ilham Bernichi Claudet<\/strong>,<br \/>\nCEO Swiss Med Office<\/h5>\n[\/vc_column_text][vc_column_text]I created this service to give power to the patient, to help him make an informed choice between the different health providers, and to facilitate access to care.[\/vc_column_text][\/vc_column_inner][vc_column_inner width=&#8221;1\/2&#8243;]\t<div id=\"thb-image-69e1f1cc6beaa\" class=\"caption-style1  aligncenter   thb_image_link wp-caption \">\n\t\t\t<div class=\"thb-image-inner size_100\">\n\t\t\t<img loading=\"lazy\" decoding=\"async\" class=\"thb_image    \" src=\"https:\/\/swissmedoffice.com\/wp-content\/uploads\/2022\/12\/5J5A5970-508x560.jpg\" width=\"508\" height=\"560\" alt=\"5J5A5970\" title=\"5J5A5970\" \/>\t\t\t\t\t<\/div>\n\t\t\t\t\t<\/div>\n\t[\/vc_column_inner][\/vc_row_inner][\/vc_column][\/vc_row]\n<\/section>","protected":false},"excerpt":{"rendered":"<p>[vc_row thb_full_width=&#8221;true&#8221; thb_row_padding=&#8221;true&#8221; thb_column_padding=&#8221;true&#8221; thb_scroll_bottom=&#8221;true&#8221; thb_scroll_bottom_style=&#8221;style4&#8243; thb_scroll_bottom_color=&#8221;light&#8221; css=&#8221;.vc_custom_1673860761009{padding-top: 22vh !important;padding-bottom: 20vh !important;background-image: url(https:\/\/swissmedoffice.com\/wp-content\/uploads\/2023\/01\/smo-header-1.jpg?id=367) !important;}&#8221;][vc_column][vc_row_inner el_class=&#8221;align-center&#8221;][vc_column_inner thb_color=&#8221;thb-light-column&#8221; el_class=&#8221;text-center&#8221; offset=&#8221;vc_col-lg-8 vc_col-md-10&#8243;][vc_empty_space height=&#8221;20px&#8221;][vc_empty_space height=&#8221;30px&#8221;][\/vc_column_inner][\/vc_row_inner][\/vc_column][\/vc_row][vc_row thb_row_padding=&#8221;true&#8221; thb_column_padding=&#8221;true&#8221; el_class=&#8221;align-center&#8221; css=&#8221;.vc_custom_1534086259544{padding-top: 120px !important;padding-bottom: 90px !important;}&#8221;][vc_column offset=&#8221;vc_col-lg-6 vc_col-md-8&#8243;][vc_row_inner][vc_column_inner el_class=&#8221;text-center&#8221;][vc_column_text animation=&#8221;animation bottom-to-top-3d&#8221;] SWISS MED OFFICE [\/vc_column_text][vc_column_text animation=&#8221;animation bottom-to-top-3d&#8221;] Swiss Med Office at a glance [\/vc_column_text][\/vc_column_inner][\/vc_row_inner][vc_row_inner][vc_column_inner width=&#8221;1\/3&#8243;][\/vc_column_inner][vc_column_inner width=&#8221;1\/3&#8243;][\/vc_column_inner][vc_column_inner width=&#8221;1\/3&#8243;][\/vc_column_inner][\/vc_row_inner][\/vc_column][\/vc_row][vc_row thb_full_width=&#8221;true&#8221; thb_row_padding=&#8221;true&#8221; thb_column_padding=&#8221;true&#8221; css=&#8221;.vc_custom_1534086346791{padding-top: 90px&hellip;<\/p>\n","protected":false},"author":1,"featured_media":712,"parent":0,"menu_order":0,"comment_status":"closed","ping_status":"closed","template":"","meta":{"_themeisle_gutenberg_block_has_review":false,"footnotes":""},"class_list":["post-713","page","type-page","status-publish","has-post-thumbnail","hentry"],"yoast_head":"<!-- This site is optimized with the Yoast SEO plugin v20.5 - https:\/\/yoast.com\/wordpress\/plugins\/seo\/ -->\n<title>Swiss Med Office - Votre conciergerie m\u00e9dicale haut de gamme<\/title>\n<meta name=\"description\" content=\"Premi\u00e8re soci\u00e9t\u00e9 de conciergerie m\u00e9dicale neutre en Suisse, Swiss Med Office met \u00e0 disposition de ses clients un solide r\u00e9seau de prestataires de soins.\" \/>\n<meta name=\"robots\" content=\"index, follow, max-snippet:-1, max-image-preview:large, max-video-preview:-1\" \/>\n<link rel=\"canonical\" href=\"https:\/\/swissmedoffice.com\/en\/\" \/>\n<meta property=\"og:locale\" content=\"en_US\" \/>\n<meta property=\"og:type\" content=\"article\" \/>\n<meta property=\"og:title\" content=\"Swiss Med Office - Votre conciergerie m\u00e9dicale haut de gamme\" \/>\n<meta property=\"og:description\" content=\"Premi\u00e8re soci\u00e9t\u00e9 de conciergerie m\u00e9dicale neutre en Suisse, Swiss Med Office met \u00e0 disposition de ses clients un solide r\u00e9seau de prestataires de soins.\" \/>\n<meta property=\"og:url\" content=\"https:\/\/swissmedoffice.com\/en\/\" \/>\n<meta property=\"og:site_name\" content=\"Swiss Med Office\" \/>\n<meta property=\"article:publisher\" content=\"https:\/\/www.facebook.com\/swissmedoffice\/\" \/>\n<meta property=\"article:modified_time\" content=\"2023-04-18T06:57:42+00:00\" \/>\n<meta property=\"og:image\" content=\"https:\/\/swissmedoffice.com\/wp-content\/uploads\/2023\/01\/Capture-decran-2023-01-30-a-11.09.13-1024x446.png\" \/>\n\t<meta property=\"og:image:width\" content=\"1024\" \/>\n\t<meta property=\"og:image:height\" content=\"446\" \/>\n\t<meta property=\"og:image:type\" content=\"image\/png\" \/>\n<meta name=\"twitter:card\" content=\"summary_large_image\" \/>\n<meta name=\"twitter:label1\" content=\"Est. reading time\" \/>\n\t<meta name=\"twitter:data1\" content=\"1 minute\" \/>\n<script type=\"application\/ld+json\" class=\"yoast-schema-graph\">{\"@context\":\"https:\/\/schema.org\",\"@graph\":[{\"@type\":\"WebPage\",\"@id\":\"https:\/\/swissmedoffice.com\/en\/\",\"url\":\"https:\/\/swissmedoffice.com\/en\/\",\"name\":\"Swiss Med Office - Votre conciergerie m\u00e9dicale haut de gamme\",\"isPartOf\":{\"@id\":\"https:\/\/swissmedoffice.com\/en\/#website\"},\"datePublished\":\"2018-08-10T14:39:24+00:00\",\"dateModified\":\"2023-04-18T06:57:42+00:00\",\"description\":\"Premi\u00e8re soci\u00e9t\u00e9 de conciergerie m\u00e9dicale neutre en Suisse, Swiss Med Office met \u00e0 disposition de ses clients un solide r\u00e9seau de prestataires de soins.\",\"breadcrumb\":{\"@id\":\"https:\/\/swissmedoffice.com\/en\/#breadcrumb\"},\"inLanguage\":\"en-US\",\"potentialAction\":[{\"@type\":\"ReadAction\",\"target\":[\"https:\/\/swissmedoffice.com\/en\/\"]}]},{\"@type\":\"BreadcrumbList\",\"@id\":\"https:\/\/swissmedoffice.com\/en\/#breadcrumb\",\"itemListElement\":[{\"@type\":\"ListItem\",\"position\":1,\"name\":\"Accueil\",\"item\":\"https:\/\/swissmedoffice.com\/en\/\"},{\"@type\":\"ListItem\",\"position\":2,\"name\":\"Home\"}]},{\"@type\":\"WebSite\",\"@id\":\"https:\/\/swissmedoffice.com\/en\/#website\",\"url\":\"https:\/\/swissmedoffice.com\/en\/\",\"name\":\"Swiss Med Office\",\"description\":\"Votre conciergerie m\u00e9dicale haut de gamme\",\"publisher\":{\"@id\":\"https:\/\/swissmedoffice.com\/en\/#organization\"},\"potentialAction\":[{\"@type\":\"SearchAction\",\"target\":{\"@type\":\"EntryPoint\",\"urlTemplate\":\"https:\/\/swissmedoffice.com\/en\/?s={search_term_string}\"},\"query-input\":\"required name=search_term_string\"}],\"inLanguage\":\"en-US\"},{\"@type\":\"Organization\",\"@id\":\"https:\/\/swissmedoffice.com\/en\/#organization\",\"name\":\"SwissMedOffice\",\"url\":\"https:\/\/swissmedoffice.com\/en\/\",\"logo\":{\"@type\":\"ImageObject\",\"inLanguage\":\"en-US\",\"@id\":\"https:\/\/swissmedoffice.com\/en\/#\/schema\/logo\/image\/\",\"url\":\"https:\/\/swissmedoffice.com\/wp-content\/uploads\/2022\/12\/logo-med-office-2023.png\",\"contentUrl\":\"https:\/\/swissmedoffice.com\/wp-content\/uploads\/2022\/12\/logo-med-office-2023.png\",\"width\":268,\"height\":76,\"caption\":\"SwissMedOffice\"},\"image\":{\"@id\":\"https:\/\/swissmedoffice.com\/en\/#\/schema\/logo\/image\/\"},\"sameAs\":[\"https:\/\/www.facebook.com\/swissmedoffice\/\",\"https:\/\/www.instagram.com\/swissmedoffice\/\",\"https:\/\/www.linkedin.com\/company\/swissmedoffice\/\"]}]}<\/script>\n<!-- \/ Yoast SEO plugin. -->","yoast_head_json":{"title":"Swiss Med Office - Votre conciergerie m\u00e9dicale haut de gamme","description":"Premi\u00e8re soci\u00e9t\u00e9 de conciergerie m\u00e9dicale neutre en Suisse, Swiss Med Office met \u00e0 disposition de ses clients un solide r\u00e9seau de prestataires de soins.","robots":{"index":"index","follow":"follow","max-snippet":"max-snippet:-1","max-image-preview":"max-image-preview:large","max-video-preview":"max-video-preview:-1"},"canonical":"https:\/\/swissmedoffice.com\/en\/","og_locale":"en_US","og_type":"article","og_title":"Swiss Med Office - Votre conciergerie m\u00e9dicale haut de gamme","og_description":"Premi\u00e8re soci\u00e9t\u00e9 de conciergerie m\u00e9dicale neutre en Suisse, Swiss Med Office met \u00e0 disposition de ses clients un solide r\u00e9seau de prestataires de soins.","og_url":"https:\/\/swissmedoffice.com\/en\/","og_site_name":"Swiss Med Office","article_publisher":"https:\/\/www.facebook.com\/swissmedoffice\/","article_modified_time":"2023-04-18T06:57:42+00:00","og_image":[{"width":1024,"height":446,"url":"https:\/\/swissmedoffice.com\/wp-content\/uploads\/2023\/01\/Capture-decran-2023-01-30-a-11.09.13-1024x446.png","type":"image\/png"}],"twitter_card":"summary_large_image","twitter_misc":{"Est. reading time":"1 minute"},"schema":{"@context":"https:\/\/schema.org","@graph":[{"@type":"WebPage","@id":"https:\/\/swissmedoffice.com\/en\/","url":"https:\/\/swissmedoffice.com\/en\/","name":"Swiss Med Office - Votre conciergerie m\u00e9dicale haut de gamme","isPartOf":{"@id":"https:\/\/swissmedoffice.com\/en\/#website"},"datePublished":"2018-08-10T14:39:24+00:00","dateModified":"2023-04-18T06:57:42+00:00","description":"Premi\u00e8re soci\u00e9t\u00e9 de conciergerie m\u00e9dicale neutre en Suisse, Swiss Med Office met \u00e0 disposition de ses clients un solide r\u00e9seau de prestataires de soins.","breadcrumb":{"@id":"https:\/\/swissmedoffice.com\/en\/#breadcrumb"},"inLanguage":"en-US","potentialAction":[{"@type":"ReadAction","target":["https:\/\/swissmedoffice.com\/en\/"]}]},{"@type":"BreadcrumbList","@id":"https:\/\/swissmedoffice.com\/en\/#breadcrumb","itemListElement":[{"@type":"ListItem","position":1,"name":"Accueil","item":"https:\/\/swissmedoffice.com\/en\/"},{"@type":"ListItem","position":2,"name":"Home"}]},{"@type":"WebSite","@id":"https:\/\/swissmedoffice.com\/en\/#website","url":"https:\/\/swissmedoffice.com\/en\/","name":"Swiss Med Office","description":"Votre conciergerie m\u00e9dicale haut de gamme","publisher":{"@id":"https:\/\/swissmedoffice.com\/en\/#organization"},"potentialAction":[{"@type":"SearchAction","target":{"@type":"EntryPoint","urlTemplate":"https:\/\/swissmedoffice.com\/en\/?s={search_term_string}"},"query-input":"required name=search_term_string"}],"inLanguage":"en-US"},{"@type":"Organization","@id":"https:\/\/swissmedoffice.com\/en\/#organization","name":"SwissMedOffice","url":"https:\/\/swissmedoffice.com\/en\/","logo":{"@type":"ImageObject","inLanguage":"en-US","@id":"https:\/\/swissmedoffice.com\/en\/#\/schema\/logo\/image\/","url":"https:\/\/swissmedoffice.com\/wp-content\/uploads\/2022\/12\/logo-med-office-2023.png","contentUrl":"https:\/\/swissmedoffice.com\/wp-content\/uploads\/2022\/12\/logo-med-office-2023.png","width":268,"height":76,"caption":"SwissMedOffice"},"image":{"@id":"https:\/\/swissmedoffice.com\/en\/#\/schema\/logo\/image\/"},"sameAs":["https:\/\/www.facebook.com\/swissmedoffice\/","https:\/\/www.instagram.com\/swissmedoffice\/","https:\/\/www.linkedin.com\/company\/swissmedoffice\/"]}]}},"_links":{"self":[{"href":"https:\/\/swissmedoffice.com\/en\/wp-json\/wp\/v2\/pages\/713","targetHints":{"allow":["GET"]}}],"collection":[{"href":"https:\/\/swissmedoffice.com\/en\/wp-json\/wp\/v2\/pages"}],"about":[{"href":"https:\/\/swissmedoffice.com\/en\/wp-json\/wp\/v2\/types\/page"}],"author":[{"embeddable":true,"href":"https:\/\/swissmedoffice.com\/en\/wp-json\/wp\/v2\/users\/1"}],"replies":[{"embeddable":true,"href":"https:\/\/swissmedoffice.com\/en\/wp-json\/wp\/v2\/comments?post=713"}],"version-history":[{"count":3,"href":"https:\/\/swissmedoffice.com\/en\/wp-json\/wp\/v2\/pages\/713\/revisions"}],"predecessor-version":[{"id":716,"href":"https:\/\/swissmedoffice.com\/en\/wp-json\/wp\/v2\/pages\/713\/revisions\/716"}],"wp:featuredmedia":[{"embeddable":true,"href":"https:\/\/swissmedoffice.com\/en\/wp-json\/wp\/v2\/media\/712"}],"wp:attachment":[{"href":"https:\/\/swissmedoffice.com\/en\/wp-json\/wp\/v2\/media?parent=713"}],"curies":[{"name":"wp","href":"https:\/\/api.w.org\/{rel}","templated":true}]}}